{"id":1336,"date":"2021-06-16T19:24:47","date_gmt":"2021-06-16T16:24:47","guid":{"rendered":"https:\/\/unternberghof.com\/ueber-uns\/"},"modified":"2022-01-17T13:40:22","modified_gmt":"2022-01-17T12:40:22","slug":"ueber-uns","status":"publish","type":"page","link":"https:\/\/unternberghof.com\/en\/ueber-uns\/","title":{"rendered":"About Us"},"content":{"rendered":"\n<p>Das k\u00fchle Helle, ein ausgesuchter Barklassiker oder ein gutes Glas Wein \u2013 in unserer gem\u00fctlichen Bar im Erdgeschoss k\u00f6nnt ihr bei guten Gespr\u00e4chen, den erlebnisreichen Tag ausklingen lassen.<\/p>\n\n\n\n<p>Aber auch f\u00fcr einen kurzen erfrischenden Zwischenstopp, den Stammtisch oder auch eine Party in kleiner Runde \u2013 f\u00fcr jeden Anlass ist unsere Bar das Wohlf\u00fchl \u2013 Zentrum bei uns im Unternberg Hof.<\/p>\n","protected":false},"excerpt":{"rendered":"<p>Das k\u00fchle Helle, ein ausgesuchter Barklassiker oder ein gutes Glas Wein \u2013 in unserer gem\u00fctlichen Bar im Erdgeschoss k\u00f6nnt ihr bei guten Gespr\u00e4chen, den erlebnisreichen Tag ausklingen lassen. Aber auch f\u00fcr einen kurzen erfrischenden Zwischenstopp, den Stammtisch oder auch eine Party in kleiner Runde \u2013 f\u00fcr jeden Anlass ist unsere Bar das Wohlf\u00fchl \u2013 Zentrum [&hellip;]<\/p>\n","protected":false},"author":1,"featured_media":0,"parent":0,"menu_order":93,"comment_status":"closed","ping_status":"closed","template":"content.php","meta":{"footnotes":""},"class_list":["post-1336","page","type-page","status-publish","hentry"],"acf":[],"yoast_head":"\n<title>About Us - Unternberg Hof<\/title>\n<meta name=\"robots\" content=\"index, follow, max-snippet:-1, max-image-preview:large, max-video-preview:-1\" \/>\n<link rel=\"canonical\" href=\"https:\/\/unternberghof.com\/en\/ueber-uns\/\" \/>\n<meta property=\"og:locale\" content=\"en_US\" \/>\n<meta property=\"og:type\" content=\"article\" \/>\n<meta property=\"og:title\" content=\"About Us - Unternberg Hof\" \/>\n<meta property=\"og:description\" content=\"Das k\u00fchle Helle, ein ausgesuchter Barklassiker oder ein gutes Glas Wein \u2013 in unserer gem\u00fctlichen Bar im Erdgeschoss k\u00f6nnt ihr bei guten Gespr\u00e4chen, den erlebnisreichen Tag ausklingen lassen. Aber auch f\u00fcr einen kurzen erfrischenden Zwischenstopp, den Stammtisch oder auch eine Party in kleiner Runde \u2013 f\u00fcr jeden Anlass ist unsere Bar das Wohlf\u00fchl \u2013 Zentrum [&hellip;]\" \/>\n<meta property=\"og:url\" content=\"https:\/\/unternberghof.com\/en\/ueber-uns\/\" \/>\n<meta property=\"og:site_name\" content=\"Unternberg Hof\" \/>\n<meta property=\"article:modified_time\" content=\"2022-01-17T12:40:22+00:00\" \/>\n<meta name=\"twitter:card\" content=\"summary_large_image\" \/>\n<meta name=\"twitter:label1\" content=\"Est. reading time\" \/>\n\t<meta name=\"twitter:data1\" content=\"1 minute\" \/>\n<script type=\"application\/ld+json\" class=\"yoast-schema-graph\">{\"@context\":\"https:\\\/\\\/schema.org\",\"@graph\":[{\"@type\":\"WebPage\",\"@id\":\"https:\\\/\\\/unternberghof.com\\\/en\\\/ueber-uns\\\/\",\"url\":\"https:\\\/\\\/unternberghof.com\\\/en\\\/ueber-uns\\\/\",\"name\":\"About Us - Unternberg Hof\",\"isPartOf\":{\"@id\":\"https:\\\/\\\/unternberghof.com\\\/en\\\/#website\"},\"datePublished\":\"2021-06-16T16:24:47+00:00\",\"dateModified\":\"2022-01-17T12:40:22+00:00\",\"inLanguage\":\"en-US\",\"potentialAction\":[{\"@type\":\"ReadAction\",\"target\":[\"https:\\\/\\\/unternberghof.com\\\/en\\\/ueber-uns\\\/\"]}]},{\"@type\":\"WebSite\",\"@id\":\"https:\\\/\\\/unternberghof.com\\\/en\\\/#website\",\"url\":\"https:\\\/\\\/unternberghof.com\\\/en\\\/\",\"name\":\"Unternberg Hof\",\"description\":\"O&#039;Kema wia Dahoam\",\"publisher\":{\"@id\":\"https:\\\/\\\/unternberghof.com\\\/en\\\/#organization\"},\"potentialAction\":[{\"@type\":\"SearchAction\",\"target\":{\"@type\":\"EntryPoint\",\"urlTemplate\":\"https:\\\/\\\/unternberghof.com\\\/en\\\/?s={search_term_string}\"},\"query-input\":{\"@type\":\"PropertyValueSpecification\",\"valueRequired\":true,\"valueName\":\"search_term_string\"}}],\"inLanguage\":\"en-US\"},{\"@type\":\"Organization\",\"@id\":\"https:\\\/\\\/unternberghof.com\\\/en\\\/#organization\",\"name\":\"Unternberg Hof\",\"url\":\"https:\\\/\\\/unternberghof.com\\\/en\\\/\",\"logo\":{\"@type\":\"ImageObject\",\"inLanguage\":\"en-US\",\"@id\":\"https:\\\/\\\/unternberghof.com\\\/en\\\/#\\\/schema\\\/logo\\\/image\\\/\",\"url\":\"https:\\\/\\\/unternberghof.com\\\/wp-content\\\/uploads\\\/2021\\\/06\\\/logo.svg\",\"contentUrl\":\"https:\\\/\\\/unternberghof.com\\\/wp-content\\\/uploads\\\/2021\\\/06\\\/logo.svg\",\"width\":394,\"height\":117,\"caption\":\"Unternberg Hof\"},\"image\":{\"@id\":\"https:\\\/\\\/unternberghof.com\\\/en\\\/#\\\/schema\\\/logo\\\/image\\\/\"}}]}<\/script>\n","yoast_head_json":{"title":"About Us - Unternberg Hof","robots":{"index":"index","follow":"follow","max-snippet":"max-snippet:-1","max-image-preview":"max-image-preview:large","max-video-preview":"max-video-preview:-1"},"canonical":"https:\/\/unternberghof.com\/en\/ueber-uns\/","og_locale":"en_US","og_type":"article","og_title":"About Us - Unternberg Hof","og_description":"Das k\u00fchle Helle, ein ausgesuchter Barklassiker oder ein gutes Glas Wein \u2013 in unserer gem\u00fctlichen Bar im Erdgeschoss k\u00f6nnt ihr bei guten Gespr\u00e4chen, den erlebnisreichen Tag ausklingen lassen. Aber auch f\u00fcr einen kurzen erfrischenden Zwischenstopp, den Stammtisch oder auch eine Party in kleiner Runde \u2013 f\u00fcr jeden Anlass ist unsere Bar das Wohlf\u00fchl \u2013 Zentrum [&hellip;]","og_url":"https:\/\/unternberghof.com\/en\/ueber-uns\/","og_site_name":"Unternberg Hof","article_modified_time":"2022-01-17T12:40:22+00:00","twitter_card":"summary_large_image","twitter_misc":{"Est. reading time":"1 minute"},"schema":{"@context":"https:\/\/schema.org","@graph":[{"@type":"WebPage","@id":"https:\/\/unternberghof.com\/en\/ueber-uns\/","url":"https:\/\/unternberghof.com\/en\/ueber-uns\/","name":"About Us - Unternberg Hof","isPartOf":{"@id":"https:\/\/unternberghof.com\/en\/#website"},"datePublished":"2021-06-16T16:24:47+00:00","dateModified":"2022-01-17T12:40:22+00:00","inLanguage":"en-US","potentialAction":[{"@type":"ReadAction","target":["https:\/\/unternberghof.com\/en\/ueber-uns\/"]}]},{"@type":"WebSite","@id":"https:\/\/unternberghof.com\/en\/#website","url":"https:\/\/unternberghof.com\/en\/","name":"Unternberg Hof","description":"O&#039;Kema wia Dahoam","publisher":{"@id":"https:\/\/unternberghof.com\/en\/#organization"},"potentialAction":[{"@type":"SearchAction","target":{"@type":"EntryPoint","urlTemplate":"https:\/\/unternberghof.com\/en\/?s={search_term_string}"},"query-input":{"@type":"PropertyValueSpecification","valueRequired":true,"valueName":"search_term_string"}}],"inLanguage":"en-US"},{"@type":"Organization","@id":"https:\/\/unternberghof.com\/en\/#organization","name":"Unternberg Hof","url":"https:\/\/unternberghof.com\/en\/","logo":{"@type":"ImageObject","inLanguage":"en-US","@id":"https:\/\/unternberghof.com\/en\/#\/schema\/logo\/image\/","url":"https:\/\/unternberghof.com\/intiba-content\/uploads\/2021\/06\/logo.svg","contentUrl":"https:\/\/unternberghof.com\/intiba-content\/uploads\/2021\/06\/logo.svg","width":394,"height":117,"caption":"Unternberg Hof"},"image":{"@id":"https:\/\/unternberghof.com\/en\/#\/schema\/logo\/image\/"}}]}},"_links":{"self":[{"href":"https:\/\/unternberghof.com\/en\/wp-json\/wp\/v2\/pages\/1336","targetHints":{"allow":["GET"]}}],"collection":[{"href":"https:\/\/unternberghof.com\/en\/wp-json\/wp\/v2\/pages"}],"about":[{"href":"https:\/\/unternberghof.com\/en\/wp-json\/wp\/v2\/types\/page"}],"author":[{"embeddable":true,"href":"https:\/\/unternberghof.com\/en\/wp-json\/wp\/v2\/users\/1"}],"replies":[{"embeddable":true,"href":"https:\/\/unternberghof.com\/en\/wp-json\/wp\/v2\/comments?post=1336"}],"version-history":[{"count":1,"href":"https:\/\/unternberghof.com\/en\/wp-json\/wp\/v2\/pages\/1336\/revisions"}],"predecessor-version":[{"id":1379,"href":"https:\/\/unternberghof.com\/en\/wp-json\/wp\/v2\/pages\/1336\/revisions\/1379"}],"wp:attachment":[{"href":"https:\/\/unternberghof.com\/en\/wp-json\/wp\/v2\/media?parent=1336"}],"curies":[{"name":"wp","href":"https:\/\/api.w.org\/{rel}","templated":true}]}}