{"id":1325,"date":"2021-07-06T17:24:01","date_gmt":"2021-07-06T14:24:01","guid":{"rendered":"https:\/\/unternberghof.com\/impressum\/"},"modified":"2022-06-28T11:56:38","modified_gmt":"2022-06-28T09:56:38","slug":"impression","status":"publish","type":"page","link":"https:\/\/unternberghof.com\/en\/impression\/","title":{"rendered":"About this site\ufffc"},"content":{"rendered":"\n<h2 class=\"wp-block-heading\">Angaben gem\u00e4\u00df \u00a7 5 TMG<\/h2>\n\n\n\n<p>Andreas Walker<br>Unternberg Hof &#8211; Ruhpolding<br>Eisenberg 1<br>83324 Ruhpolding<\/p>\n\n\n\n<h2 class=\"wp-block-heading\">Kontakt<\/h2>\n\n\n\n<p>Telefon: +49 (0)8663 4198140<br>Telefax: +49 (0)8663 4197421<br>E-Mail: info@unternberghof.com<\/p>\n\n\n\n<h2 class=\"wp-block-heading\">Umsatzsteuer-ID<\/h2>\n\n\n\n<p>Umsatzsteuer-Identifikationsnummer gem\u00e4\u00df \u00a7 27 a Umsatzsteuergesetz:<br>DE326705711<\/p>\n\n\n\n<h2 class=\"wp-block-heading\">Redaktionell verantwortlich<\/h2>\n\n\n\n<p>Das Unternberg Hof betreibt und verwaltet die Website in Deutschland gem\u00e4\u00df dem deutschen Recht.<\/p>\n\n\n\n<h2 class=\"wp-block-heading\">Gestaltung und Entwicklung<\/h2>\n\n\n\n<p>From INTIBA with&nbsp;\u2764\ufe0f<br><a href=\"https:\/\/www.intiba.de\/\" target=\"_blank\" rel=\"noreferrer noopener\">www.intiba.de<\/a><\/p>\n\n\n\n<h2 class=\"wp-block-heading\">EU-Streitschlichtung<\/h2>\n\n\n\n<p>Die Europ\u00e4ische Kommission stellt eine Plattform zur Online-Streitbeilegung (OS) bereit: <a href=\"https:\/\/ec.europa.eu\/consumers\/odr\/\" target=\"_blank\" rel=\"noreferrer noopener\">https:\/\/ec.europa.eu\/consumers\/odr\/<\/a>.<br>Unsere E-Mail-Adresse finden Sie oben im Impressum.<\/p>\n\n\n\n<h2 class=\"wp-block-heading\">Verbraucher\u00adstreit\u00adbeilegung\/Universal\u00adschlichtungs\u00adstelle<\/h2>\n\n\n\n<p>Wir nehmen an einem Streitbeilegungsverfahren vor einer Verbraucherschlichtungsstelle teil. Zust\u00e4ndig ist die Universalschlichtungsstelle des Zentrums f\u00fcr Schlichtung e.V., Stra\u00dfburger Stra\u00dfe 8, 77694 Kehl am Rhein (<a href=\"https:\/\/www.verbraucher-schlichter.de\" rel=\"noreferrer noopener\" target=\"_blank\">https:\/\/www.verbraucher-schlichter.de<\/a>).<\/p>\n","protected":false},"excerpt":{"rendered":"<p>Angaben gem\u00e4\u00df \u00a7 5 TMG Andreas WalkerUnternberg Hof &#8211; RuhpoldingEisenberg 183324 Ruhpolding Kontakt Telefon: +49 (0)8663 4198140Telefax: +49 (0)8663 4197421E-Mail: info@unternberghof.com Umsatzsteuer-ID Umsatzsteuer-Identifikationsnummer gem\u00e4\u00df \u00a7 27 a Umsatzsteuergesetz:DE326705711 Redaktionell verantwortlich Das Unternberg Hof betreibt und verwaltet die Website in Deutschland gem\u00e4\u00df dem deutschen Recht. Gestaltung und Entwicklung From INTIBA with&nbsp;\u2764\ufe0fwww.intiba.de EU-Streitschlichtung Die Europ\u00e4ische Kommission stellt [&hellip;]<\/p>\n","protected":false},"author":1,"featured_media":0,"parent":0,"menu_order":97,"comment_status":"closed","ping_status":"closed","template":"text-content.php","meta":{"footnotes":""},"class_list":["post-1325","page","type-page","status-publish","hentry"],"acf":[],"yoast_head":"\n<title>About this site\ufffc - Unternberg Hof<\/title>\n<meta name=\"robots\" content=\"index, follow, max-snippet:-1, max-image-preview:large, max-video-preview:-1\" \/>\n<link rel=\"canonical\" href=\"https:\/\/unternberghof.com\/en\/impression\/\" \/>\n<meta property=\"og:locale\" content=\"en_US\" \/>\n<meta property=\"og:type\" content=\"article\" \/>\n<meta property=\"og:title\" content=\"About this site\ufffc - Unternberg Hof\" \/>\n<meta property=\"og:description\" content=\"Angaben gem\u00e4\u00df \u00a7 5 TMG Andreas WalkerUnternberg Hof &#8211; RuhpoldingEisenberg 183324 Ruhpolding Kontakt Telefon: +49 (0)8663 4198140Telefax: +49 (0)8663 4197421E-Mail: info@unternberghof.com Umsatzsteuer-ID Umsatzsteuer-Identifikationsnummer gem\u00e4\u00df \u00a7 27 a Umsatzsteuergesetz:DE326705711 Redaktionell verantwortlich Das Unternberg Hof betreibt und verwaltet die Website in Deutschland gem\u00e4\u00df dem deutschen Recht. Gestaltung und Entwicklung From INTIBA with&nbsp;\u2764\ufe0fwww.intiba.de EU-Streitschlichtung Die Europ\u00e4ische Kommission stellt [&hellip;]\" \/>\n<meta property=\"og:url\" content=\"https:\/\/unternberghof.com\/en\/impression\/\" \/>\n<meta property=\"og:site_name\" content=\"Unternberg Hof\" \/>\n<meta property=\"article:modified_time\" content=\"2022-06-28T09:56:38+00:00\" \/>\n<meta name=\"twitter:card\" content=\"summary_large_image\" \/>\n<meta name=\"twitter:label1\" content=\"Est. reading time\" \/>\n\t<meta name=\"twitter:data1\" content=\"1 minute\" \/>\n<script type=\"application\/ld+json\" class=\"yoast-schema-graph\">{\"@context\":\"https:\\\/\\\/schema.org\",\"@graph\":[{\"@type\":\"WebPage\",\"@id\":\"https:\\\/\\\/unternberghof.com\\\/en\\\/impression\\\/\",\"url\":\"https:\\\/\\\/unternberghof.com\\\/en\\\/impression\\\/\",\"name\":\"About this site\ufffc - Unternberg Hof\",\"isPartOf\":{\"@id\":\"https:\\\/\\\/unternberghof.com\\\/en\\\/#website\"},\"datePublished\":\"2021-07-06T14:24:01+00:00\",\"dateModified\":\"2022-06-28T09:56:38+00:00\",\"inLanguage\":\"en-US\",\"potentialAction\":[{\"@type\":\"ReadAction\",\"target\":[\"https:\\\/\\\/unternberghof.com\\\/en\\\/impression\\\/\"]}]},{\"@type\":\"WebSite\",\"@id\":\"https:\\\/\\\/unternberghof.com\\\/en\\\/#website\",\"url\":\"https:\\\/\\\/unternberghof.com\\\/en\\\/\",\"name\":\"Unternberg Hof\",\"description\":\"O&#039;Kema wia Dahoam\",\"publisher\":{\"@id\":\"https:\\\/\\\/unternberghof.com\\\/en\\\/#organization\"},\"potentialAction\":[{\"@type\":\"SearchAction\",\"target\":{\"@type\":\"EntryPoint\",\"urlTemplate\":\"https:\\\/\\\/unternberghof.com\\\/en\\\/?s={search_term_string}\"},\"query-input\":{\"@type\":\"PropertyValueSpecification\",\"valueRequired\":true,\"valueName\":\"search_term_string\"}}],\"inLanguage\":\"en-US\"},{\"@type\":\"Organization\",\"@id\":\"https:\\\/\\\/unternberghof.com\\\/en\\\/#organization\",\"name\":\"Unternberg Hof\",\"url\":\"https:\\\/\\\/unternberghof.com\\\/en\\\/\",\"logo\":{\"@type\":\"ImageObject\",\"inLanguage\":\"en-US\",\"@id\":\"https:\\\/\\\/unternberghof.com\\\/en\\\/#\\\/schema\\\/logo\\\/image\\\/\",\"url\":\"https:\\\/\\\/unternberghof.com\\\/wp-content\\\/uploads\\\/2021\\\/06\\\/logo.svg\",\"contentUrl\":\"https:\\\/\\\/unternberghof.com\\\/wp-content\\\/uploads\\\/2021\\\/06\\\/logo.svg\",\"width\":394,\"height\":117,\"caption\":\"Unternberg Hof\"},\"image\":{\"@id\":\"https:\\\/\\\/unternberghof.com\\\/en\\\/#\\\/schema\\\/logo\\\/image\\\/\"}}]}<\/script>\n","yoast_head_json":{"title":"About this site\ufffc - Unternberg Hof","robots":{"index":"index","follow":"follow","max-snippet":"max-snippet:-1","max-image-preview":"max-image-preview:large","max-video-preview":"max-video-preview:-1"},"canonical":"https:\/\/unternberghof.com\/en\/impression\/","og_locale":"en_US","og_type":"article","og_title":"About this site\ufffc - Unternberg Hof","og_description":"Angaben gem\u00e4\u00df \u00a7 5 TMG Andreas WalkerUnternberg Hof &#8211; RuhpoldingEisenberg 183324 Ruhpolding Kontakt Telefon: +49 (0)8663 4198140Telefax: +49 (0)8663 4197421E-Mail: info@unternberghof.com Umsatzsteuer-ID Umsatzsteuer-Identifikationsnummer gem\u00e4\u00df \u00a7 27 a Umsatzsteuergesetz:DE326705711 Redaktionell verantwortlich Das Unternberg Hof betreibt und verwaltet die Website in Deutschland gem\u00e4\u00df dem deutschen Recht. Gestaltung und Entwicklung From INTIBA with&nbsp;\u2764\ufe0fwww.intiba.de EU-Streitschlichtung Die Europ\u00e4ische Kommission stellt [&hellip;]","og_url":"https:\/\/unternberghof.com\/en\/impression\/","og_site_name":"Unternberg Hof","article_modified_time":"2022-06-28T09:56:38+00:00","twitter_card":"summary_large_image","twitter_misc":{"Est. reading time":"1 minute"},"schema":{"@context":"https:\/\/schema.org","@graph":[{"@type":"WebPage","@id":"https:\/\/unternberghof.com\/en\/impression\/","url":"https:\/\/unternberghof.com\/en\/impression\/","name":"About this site\ufffc - Unternberg Hof","isPartOf":{"@id":"https:\/\/unternberghof.com\/en\/#website"},"datePublished":"2021-07-06T14:24:01+00:00","dateModified":"2022-06-28T09:56:38+00:00","inLanguage":"en-US","potentialAction":[{"@type":"ReadAction","target":["https:\/\/unternberghof.com\/en\/impression\/"]}]},{"@type":"WebSite","@id":"https:\/\/unternberghof.com\/en\/#website","url":"https:\/\/unternberghof.com\/en\/","name":"Unternberg Hof","description":"O&#039;Kema wia Dahoam","publisher":{"@id":"https:\/\/unternberghof.com\/en\/#organization"},"potentialAction":[{"@type":"SearchAction","target":{"@type":"EntryPoint","urlTemplate":"https:\/\/unternberghof.com\/en\/?s={search_term_string}"},"query-input":{"@type":"PropertyValueSpecification","valueRequired":true,"valueName":"search_term_string"}}],"inLanguage":"en-US"},{"@type":"Organization","@id":"https:\/\/unternberghof.com\/en\/#organization","name":"Unternberg Hof","url":"https:\/\/unternberghof.com\/en\/","logo":{"@type":"ImageObject","inLanguage":"en-US","@id":"https:\/\/unternberghof.com\/en\/#\/schema\/logo\/image\/","url":"https:\/\/unternberghof.com\/intiba-content\/uploads\/2021\/06\/logo.svg","contentUrl":"https:\/\/unternberghof.com\/intiba-content\/uploads\/2021\/06\/logo.svg","width":394,"height":117,"caption":"Unternberg Hof"},"image":{"@id":"https:\/\/unternberghof.com\/en\/#\/schema\/logo\/image\/"}}]}},"_links":{"self":[{"href":"https:\/\/unternberghof.com\/en\/wp-json\/wp\/v2\/pages\/1325","targetHints":{"allow":["GET"]}}],"collection":[{"href":"https:\/\/unternberghof.com\/en\/wp-json\/wp\/v2\/pages"}],"about":[{"href":"https:\/\/unternberghof.com\/en\/wp-json\/wp\/v2\/types\/page"}],"author":[{"embeddable":true,"href":"https:\/\/unternberghof.com\/en\/wp-json\/wp\/v2\/users\/1"}],"replies":[{"embeddable":true,"href":"https:\/\/unternberghof.com\/en\/wp-json\/wp\/v2\/comments?post=1325"}],"version-history":[{"count":2,"href":"https:\/\/unternberghof.com\/en\/wp-json\/wp\/v2\/pages\/1325\/revisions"}],"predecessor-version":[{"id":1885,"href":"https:\/\/unternberghof.com\/en\/wp-json\/wp\/v2\/pages\/1325\/revisions\/1885"}],"wp:attachment":[{"href":"https:\/\/unternberghof.com\/en\/wp-json\/wp\/v2\/media?parent=1325"}],"curies":[{"name":"wp","href":"https:\/\/api.w.org\/{rel}","templated":true}]}}