{"id":1317,"date":"2024-12-07T10:01:46","date_gmt":"2024-12-07T09:01:46","guid":{"rendered":"https:\/\/unternberghof.com\/aktionen\/zeit-fuer-2\/"},"modified":"2025-12-14T13:49:15","modified_gmt":"2025-12-14T12:49:15","slug":"zeit-fuer-2","status":"publish","type":"page","link":"https:\/\/unternberghof.com\/en\/specials\/zeit-fuer-2\/","title":{"rendered":"Zeit f\u00fcr 2"},"content":{"rendered":"\n<ul class=\"wp-block-list\">\n<li>2 \u00dcbernachtungen in einer unserer Panoramasuiten mit Badewanne<\/li>\n\n\n\n<li>Halbpension mit regionalem Fr\u00fchst\u00fccksbuffet und 4-Gang-Verw\u00f6hnmen\u00fcs<\/li>\n\n\n\n<li>Paarbehandlung in unserem Mountain Spa (120 min. )<\/li>\n\n\n\n<li>2 x verw\u00f6hnende AROMA\u00d6L-Massagen <\/li>\n\n\n\n<li>2 x Softpack-Schwebeliege mit Massage\u00f6l (30 min.)<\/li>\n\n\n\n<li>Eine Flasche Unternberg Hof Sekt<\/li>\n\n\n\n<li>Freies WLAN<\/li>\n\n\n\n<li>Kostenfreier Parkplatz<\/li>\n\n\n\n<li>Benutzung von Pool-, Sauna- und Wellnessbereich<\/li>\n\n\n\n<li>SPA-Tasche f\u00fcr Euren Aufenthalt<\/li>\n\n\n\n<li>Benutzung vom Ski-und Fahrradraum inklusive<\/li>\n\n\n\n<li>Chiemgaukarte f\u00fcr sch\u00f6ne Erlebnisse rund um Ruhpolding, Inzell und Bergen:   <a href=\"http:\/\/www.ruhpolding.de\/chiemgaukarte\" target=\"_blank\" rel=\"noreferrer noopener\">www.ruhpolding.de\/chiemgaukarte<\/a><\/li>\n\n\n\n<li>Zzgl. Kurtaxe<br><\/li>\n<\/ul>\n\n\n\n<p><strong>864,00 \u20ac<\/strong> f\u00fcr 2 Personen<\/p>\n","protected":false},"excerpt":{"rendered":"<p>(jederzeit buchbar &#8211; au\u00dfer Weihnachten\/Silvester)<\/p>\n","protected":false},"author":1,"featured_media":1963,"parent":1309,"menu_order":54,"comment_status":"closed","ping_status":"closed","template":"content.php","meta":{"footnotes":""},"class_list":["post-1317","page","type-page","status-publish","has-post-thumbnail","hentry"],"acf":[],"yoast_head":"\n<title>Zeit f\u00fcr 2 - Unternberg Hof<\/title>\n<meta name=\"robots\" content=\"index, follow, max-snippet:-1, max-image-preview:large, max-video-preview:-1\" \/>\n<link rel=\"canonical\" href=\"https:\/\/unternberghof.com\/en\/specials\/zeit-fuer-2\/\" \/>\n<meta property=\"og:locale\" content=\"en_US\" \/>\n<meta property=\"og:type\" content=\"article\" \/>\n<meta property=\"og:title\" content=\"Zeit f\u00fcr 2 - Unternberg Hof\" \/>\n<meta property=\"og:description\" content=\"(jederzeit buchbar - au\u00dfer Weihnachten\/Silvester)\" \/>\n<meta property=\"og:url\" content=\"https:\/\/unternberghof.com\/en\/specials\/zeit-fuer-2\/\" \/>\n<meta property=\"og:site_name\" content=\"Unternberg Hof\" \/>\n<meta property=\"article:modified_time\" content=\"2025-12-14T12:49:15+00:00\" \/>\n<meta property=\"og:image\" content=\"https:\/\/unternberghof.com\/intiba-content\/uploads\/2022\/07\/UBH-Zeit-fu\u0308r-2-1024x683.jpeg\" \/>\n\t<meta property=\"og:image:width\" content=\"1024\" \/>\n\t<meta property=\"og:image:height\" content=\"683\" \/>\n\t<meta property=\"og:image:type\" content=\"image\/jpeg\" \/>\n<meta name=\"twitter:card\" content=\"summary_large_image\" \/>\n<meta name=\"twitter:label1\" content=\"Est. reading time\" \/>\n\t<meta name=\"twitter:data1\" content=\"1 minute\" \/>\n<script type=\"application\/ld+json\" class=\"yoast-schema-graph\">{\"@context\":\"https:\/\/schema.org\",\"@graph\":[{\"@type\":\"WebPage\",\"@id\":\"https:\/\/unternberghof.com\/en\/specials\/zeit-fuer-2\/\",\"url\":\"https:\/\/unternberghof.com\/en\/specials\/zeit-fuer-2\/\",\"name\":\"Zeit f\u00fcr 2 - Unternberg Hof\",\"isPartOf\":{\"@id\":\"https:\/\/unternberghof.com\/en\/#website\"},\"primaryImageOfPage\":{\"@id\":\"https:\/\/unternberghof.com\/en\/specials\/zeit-fuer-2\/#primaryimage\"},\"image\":{\"@id\":\"https:\/\/unternberghof.com\/en\/specials\/zeit-fuer-2\/#primaryimage\"},\"thumbnailUrl\":\"https:\/\/unternberghof.com\/intiba-content\/uploads\/2022\/07\/UBH-Zeit-fu\u0308r-2.jpeg\",\"datePublished\":\"2024-12-07T09:01:46+00:00\",\"dateModified\":\"2025-12-14T12:49:15+00:00\",\"breadcrumb\":{\"@id\":\"https:\/\/unternberghof.com\/en\/specials\/zeit-fuer-2\/#breadcrumb\"},\"inLanguage\":\"en-US\",\"potentialAction\":[{\"@type\":\"ReadAction\",\"target\":[\"https:\/\/unternberghof.com\/en\/specials\/zeit-fuer-2\/\"]}]},{\"@type\":\"ImageObject\",\"inLanguage\":\"en-US\",\"@id\":\"https:\/\/unternberghof.com\/en\/specials\/zeit-fuer-2\/#primaryimage\",\"url\":\"https:\/\/unternberghof.com\/intiba-content\/uploads\/2022\/07\/UBH-Zeit-fu\u0308r-2.jpeg\",\"contentUrl\":\"https:\/\/unternberghof.com\/intiba-content\/uploads\/2022\/07\/UBH-Zeit-fu\u0308r-2.jpeg\",\"width\":2500,\"height\":1667},{\"@type\":\"BreadcrumbList\",\"@id\":\"https:\/\/unternberghof.com\/en\/specials\/zeit-fuer-2\/#breadcrumb\",\"itemListElement\":[{\"@type\":\"ListItem\",\"position\":1,\"name\":\"Special Offers\",\"item\":\"https:\/\/unternberghof.com\/en\/specials\/\"},{\"@type\":\"ListItem\",\"position\":2,\"name\":\"Zeit f\u00fcr 2\"}]},{\"@type\":\"WebSite\",\"@id\":\"https:\/\/unternberghof.com\/en\/#website\",\"url\":\"https:\/\/unternberghof.com\/en\/\",\"name\":\"Unternberg Hof\",\"description\":\"O&#039;Kema wia Dahoam\",\"publisher\":{\"@id\":\"https:\/\/unternberghof.com\/en\/#organization\"},\"potentialAction\":[{\"@type\":\"SearchAction\",\"target\":{\"@type\":\"EntryPoint\",\"urlTemplate\":\"https:\/\/unternberghof.com\/en\/?s={search_term_string}\"},\"query-input\":{\"@type\":\"PropertyValueSpecification\",\"valueRequired\":true,\"valueName\":\"search_term_string\"}}],\"inLanguage\":\"en-US\"},{\"@type\":\"Organization\",\"@id\":\"https:\/\/unternberghof.com\/en\/#organization\",\"name\":\"Unternberg Hof\",\"url\":\"https:\/\/unternberghof.com\/en\/\",\"logo\":{\"@type\":\"ImageObject\",\"inLanguage\":\"en-US\",\"@id\":\"https:\/\/unternberghof.com\/en\/#\/schema\/logo\/image\/\",\"url\":\"https:\/\/unternberghof.com\/intiba-content\/uploads\/2021\/06\/logo.svg\",\"contentUrl\":\"https:\/\/unternberghof.com\/intiba-content\/uploads\/2021\/06\/logo.svg\",\"width\":394,\"height\":117,\"caption\":\"Unternberg Hof\"},\"image\":{\"@id\":\"https:\/\/unternberghof.com\/en\/#\/schema\/logo\/image\/\"}}]}<\/script>\n","yoast_head_json":{"title":"Zeit f\u00fcr 2 - Unternberg Hof","robots":{"index":"index","follow":"follow","max-snippet":"max-snippet:-1","max-image-preview":"max-image-preview:large","max-video-preview":"max-video-preview:-1"},"canonical":"https:\/\/unternberghof.com\/en\/specials\/zeit-fuer-2\/","og_locale":"en_US","og_type":"article","og_title":"Zeit f\u00fcr 2 - Unternberg Hof","og_description":"(jederzeit buchbar - au\u00dfer Weihnachten\/Silvester)","og_url":"https:\/\/unternberghof.com\/en\/specials\/zeit-fuer-2\/","og_site_name":"Unternberg Hof","article_modified_time":"2025-12-14T12:49:15+00:00","og_image":[{"width":1024,"height":683,"url":"https:\/\/unternberghof.com\/intiba-content\/uploads\/2022\/07\/UBH-Zeit-fu\u0308r-2-1024x683.jpeg","type":"image\/jpeg"}],"twitter_card":"summary_large_image","twitter_misc":{"Est. reading time":"1 minute"},"schema":{"@context":"https:\/\/schema.org","@graph":[{"@type":"WebPage","@id":"https:\/\/unternberghof.com\/en\/specials\/zeit-fuer-2\/","url":"https:\/\/unternberghof.com\/en\/specials\/zeit-fuer-2\/","name":"Zeit f\u00fcr 2 - Unternberg Hof","isPartOf":{"@id":"https:\/\/unternberghof.com\/en\/#website"},"primaryImageOfPage":{"@id":"https:\/\/unternberghof.com\/en\/specials\/zeit-fuer-2\/#primaryimage"},"image":{"@id":"https:\/\/unternberghof.com\/en\/specials\/zeit-fuer-2\/#primaryimage"},"thumbnailUrl":"https:\/\/unternberghof.com\/intiba-content\/uploads\/2022\/07\/UBH-Zeit-fu\u0308r-2.jpeg","datePublished":"2024-12-07T09:01:46+00:00","dateModified":"2025-12-14T12:49:15+00:00","breadcrumb":{"@id":"https:\/\/unternberghof.com\/en\/specials\/zeit-fuer-2\/#breadcrumb"},"inLanguage":"en-US","potentialAction":[{"@type":"ReadAction","target":["https:\/\/unternberghof.com\/en\/specials\/zeit-fuer-2\/"]}]},{"@type":"ImageObject","inLanguage":"en-US","@id":"https:\/\/unternberghof.com\/en\/specials\/zeit-fuer-2\/#primaryimage","url":"https:\/\/unternberghof.com\/intiba-content\/uploads\/2022\/07\/UBH-Zeit-fu\u0308r-2.jpeg","contentUrl":"https:\/\/unternberghof.com\/intiba-content\/uploads\/2022\/07\/UBH-Zeit-fu\u0308r-2.jpeg","width":2500,"height":1667},{"@type":"BreadcrumbList","@id":"https:\/\/unternberghof.com\/en\/specials\/zeit-fuer-2\/#breadcrumb","itemListElement":[{"@type":"ListItem","position":1,"name":"Special Offers","item":"https:\/\/unternberghof.com\/en\/specials\/"},{"@type":"ListItem","position":2,"name":"Zeit f\u00fcr 2"}]},{"@type":"WebSite","@id":"https:\/\/unternberghof.com\/en\/#website","url":"https:\/\/unternberghof.com\/en\/","name":"Unternberg Hof","description":"O&#039;Kema wia Dahoam","publisher":{"@id":"https:\/\/unternberghof.com\/en\/#organization"},"potentialAction":[{"@type":"SearchAction","target":{"@type":"EntryPoint","urlTemplate":"https:\/\/unternberghof.com\/en\/?s={search_term_string}"},"query-input":{"@type":"PropertyValueSpecification","valueRequired":true,"valueName":"search_term_string"}}],"inLanguage":"en-US"},{"@type":"Organization","@id":"https:\/\/unternberghof.com\/en\/#organization","name":"Unternberg Hof","url":"https:\/\/unternberghof.com\/en\/","logo":{"@type":"ImageObject","inLanguage":"en-US","@id":"https:\/\/unternberghof.com\/en\/#\/schema\/logo\/image\/","url":"https:\/\/unternberghof.com\/intiba-content\/uploads\/2021\/06\/logo.svg","contentUrl":"https:\/\/unternberghof.com\/intiba-content\/uploads\/2021\/06\/logo.svg","width":394,"height":117,"caption":"Unternberg Hof"},"image":{"@id":"https:\/\/unternberghof.com\/en\/#\/schema\/logo\/image\/"}}]}},"_links":{"self":[{"href":"https:\/\/unternberghof.com\/en\/wp-json\/wp\/v2\/pages\/1317","targetHints":{"allow":["GET"]}}],"collection":[{"href":"https:\/\/unternberghof.com\/en\/wp-json\/wp\/v2\/pages"}],"about":[{"href":"https:\/\/unternberghof.com\/en\/wp-json\/wp\/v2\/types\/page"}],"author":[{"embeddable":true,"href":"https:\/\/unternberghof.com\/en\/wp-json\/wp\/v2\/users\/1"}],"replies":[{"embeddable":true,"href":"https:\/\/unternberghof.com\/en\/wp-json\/wp\/v2\/comments?post=1317"}],"version-history":[{"count":33,"href":"https:\/\/unternberghof.com\/en\/wp-json\/wp\/v2\/pages\/1317\/revisions"}],"predecessor-version":[{"id":2852,"href":"https:\/\/unternberghof.com\/en\/wp-json\/wp\/v2\/pages\/1317\/revisions\/2852"}],"up":[{"embeddable":true,"href":"https:\/\/unternberghof.com\/en\/wp-json\/wp\/v2\/pages\/1309"}],"wp:featuredmedia":[{"embeddable":true,"href":"https:\/\/unternberghof.com\/en\/wp-json\/wp\/v2\/media\/1963"}],"wp:attachment":[{"href":"https:\/\/unternberghof.com\/en\/wp-json\/wp\/v2\/media?parent=1317"}],"curies":[{"name":"wp","href":"https:\/\/api.w.org\/{rel}","templated":true}]}}