{"id":1314,"date":"2024-10-05T15:35:17","date_gmt":"2024-10-05T13:35:17","guid":{"rendered":"https:\/\/unternberghof.com\/aktionen\/unternberg-hof-special-43\/"},"modified":"2025-10-20T10:10:01","modified_gmt":"2025-10-20T08:10:01","slug":"unternberg-hof-special-43","status":"publish","type":"page","link":"https:\/\/unternberghof.com\/en\/specials\/unternberg-hof-special-43\/","title":{"rendered":"Unternberg Hof Special &#8211; 4 f\u00fcr 3"},"content":{"rendered":"\n<div class=\"wp-block-columns is-layout-flex wp-container-core-columns-is-layout-9d6595d7 wp-block-columns-is-layout-flex\">\n<div class=\"wp-block-column is-layout-flow wp-block-column-is-layout-flow\">\n<p>buchbar in der Nebensession<\/p>\n\n\n\n<ul class=\"wp-block-list\">\n<li>4 \u00dcbernachtungen f\u00fcr den Preis von 3, im Doppelzimmer Deluxe oder in der Alpine Suite buchen<\/li>\n\n\n\n<li>Halbpension mit regionalem Fr\u00fchst\u00fccksbuffet und 4-Gang-Verw\u00f6hnmen\u00fc<\/li>\n\n\n\n<li>verw\u00f6hnende AROMA\u00d6L-Massage (30 min.)<\/li>\n\n\n\n<li>Freies WLAN<\/li>\n\n\n\n<li>Kostenfreier Parkplatz<\/li>\n\n\n\n<li>Benutzung von Pool-, Sauna- und Wellnessbereich<\/li>\n\n\n\n<li>SPA-Tasche f\u00fcr Euren Aufenthalt<\/li>\n\n\n\n<li>Chiemgaukarte f\u00fcr sch\u00f6ne Erlebnisse rund um Ruhpolding, Inzell und Bergen <a href=\"http:\/\/www.ruhpolding.de\/chiemgaukarte\">www.ruhpolding.de\/chiemgaukarte<\/a> <\/li>\n\n\n\n<li>Zzgl. Kurtaxe<\/li>\n<\/ul>\n\n\n\n<p><\/p>\n\n\n\n<p><strong>ab 611,00 pro Person<\/strong><\/p>\n<\/div>\n<\/div>\n","protected":false},"excerpt":{"rendered":"<p>buchbar in der Nebensession<\/p>\n","protected":false},"author":1,"featured_media":763,"parent":1309,"menu_order":51,"comment_status":"closed","ping_status":"closed","template":"content.php","meta":{"footnotes":""},"class_list":["post-1314","page","type-page","status-publish","has-post-thumbnail","hentry"],"acf":[],"yoast_head":"\n<title>Unternberg Hof Special - 4 f\u00fcr 3 - Unternberg Hof<\/title>\n<meta name=\"robots\" content=\"index, follow, max-snippet:-1, max-image-preview:large, max-video-preview:-1\" \/>\n<link rel=\"canonical\" href=\"https:\/\/unternberghof.com\/en\/specials\/unternberg-hof-special-43\/\" \/>\n<meta property=\"og:locale\" content=\"en_US\" \/>\n<meta property=\"og:type\" content=\"article\" \/>\n<meta property=\"og:title\" content=\"Unternberg Hof Special - 4 f\u00fcr 3 - Unternberg Hof\" \/>\n<meta property=\"og:description\" content=\"buchbar in der Nebensession\" \/>\n<meta property=\"og:url\" content=\"https:\/\/unternberghof.com\/en\/specials\/unternberg-hof-special-43\/\" \/>\n<meta property=\"og:site_name\" content=\"Unternberg Hof\" \/>\n<meta property=\"article:modified_time\" content=\"2025-10-20T08:10:01+00:00\" \/>\n<meta property=\"og:image\" content=\"https:\/\/unternberghof.com\/intiba-content\/uploads\/2021\/10\/unternberghof-galeri-56.jpg\" \/>\n\t<meta property=\"og:image:width\" content=\"1440\" \/>\n\t<meta property=\"og:image:height\" content=\"1080\" \/>\n\t<meta property=\"og:image:type\" content=\"image\/jpeg\" \/>\n<meta name=\"twitter:card\" content=\"summary_large_image\" \/>\n<meta name=\"twitter:label1\" content=\"Est. reading time\" \/>\n\t<meta name=\"twitter:data1\" content=\"1 minute\" \/>\n<script type=\"application\/ld+json\" class=\"yoast-schema-graph\">{\"@context\":\"https:\\\/\\\/schema.org\",\"@graph\":[{\"@type\":\"WebPage\",\"@id\":\"https:\\\/\\\/unternberghof.com\\\/en\\\/specials\\\/unternberg-hof-special-43\\\/\",\"url\":\"https:\\\/\\\/unternberghof.com\\\/en\\\/specials\\\/unternberg-hof-special-43\\\/\",\"name\":\"Unternberg Hof Special - 4 f\u00fcr 3 - Unternberg Hof\",\"isPartOf\":{\"@id\":\"https:\\\/\\\/unternberghof.com\\\/en\\\/#website\"},\"primaryImageOfPage\":{\"@id\":\"https:\\\/\\\/unternberghof.com\\\/en\\\/specials\\\/unternberg-hof-special-43\\\/#primaryimage\"},\"image\":{\"@id\":\"https:\\\/\\\/unternberghof.com\\\/en\\\/specials\\\/unternberg-hof-special-43\\\/#primaryimage\"},\"thumbnailUrl\":\"https:\\\/\\\/unternberghof.com\\\/wp-content\\\/uploads\\\/2021\\\/10\\\/unternberghof-galeri-56.jpg\",\"datePublished\":\"2024-10-05T13:35:17+00:00\",\"dateModified\":\"2025-10-20T08:10:01+00:00\",\"breadcrumb\":{\"@id\":\"https:\\\/\\\/unternberghof.com\\\/en\\\/specials\\\/unternberg-hof-special-43\\\/#breadcrumb\"},\"inLanguage\":\"en-US\",\"potentialAction\":[{\"@type\":\"ReadAction\",\"target\":[\"https:\\\/\\\/unternberghof.com\\\/en\\\/specials\\\/unternberg-hof-special-43\\\/\"]}]},{\"@type\":\"ImageObject\",\"inLanguage\":\"en-US\",\"@id\":\"https:\\\/\\\/unternberghof.com\\\/en\\\/specials\\\/unternberg-hof-special-43\\\/#primaryimage\",\"url\":\"https:\\\/\\\/unternberghof.com\\\/wp-content\\\/uploads\\\/2021\\\/10\\\/unternberghof-galeri-56.jpg\",\"contentUrl\":\"https:\\\/\\\/unternberghof.com\\\/wp-content\\\/uploads\\\/2021\\\/10\\\/unternberghof-galeri-56.jpg\",\"width\":1440,\"height\":1080},{\"@type\":\"BreadcrumbList\",\"@id\":\"https:\\\/\\\/unternberghof.com\\\/en\\\/specials\\\/unternberg-hof-special-43\\\/#breadcrumb\",\"itemListElement\":[{\"@type\":\"ListItem\",\"position\":1,\"name\":\"Special Offers\",\"item\":\"https:\\\/\\\/unternberghof.com\\\/en\\\/specials\\\/\"},{\"@type\":\"ListItem\",\"position\":2,\"name\":\"Unternberg Hof Special &#8211; 4 f\u00fcr 3\"}]},{\"@type\":\"WebSite\",\"@id\":\"https:\\\/\\\/unternberghof.com\\\/en\\\/#website\",\"url\":\"https:\\\/\\\/unternberghof.com\\\/en\\\/\",\"name\":\"Unternberg Hof\",\"description\":\"O&#039;Kema wia Dahoam\",\"publisher\":{\"@id\":\"https:\\\/\\\/unternberghof.com\\\/en\\\/#organization\"},\"potentialAction\":[{\"@type\":\"SearchAction\",\"target\":{\"@type\":\"EntryPoint\",\"urlTemplate\":\"https:\\\/\\\/unternberghof.com\\\/en\\\/?s={search_term_string}\"},\"query-input\":{\"@type\":\"PropertyValueSpecification\",\"valueRequired\":true,\"valueName\":\"search_term_string\"}}],\"inLanguage\":\"en-US\"},{\"@type\":\"Organization\",\"@id\":\"https:\\\/\\\/unternberghof.com\\\/en\\\/#organization\",\"name\":\"Unternberg Hof\",\"url\":\"https:\\\/\\\/unternberghof.com\\\/en\\\/\",\"logo\":{\"@type\":\"ImageObject\",\"inLanguage\":\"en-US\",\"@id\":\"https:\\\/\\\/unternberghof.com\\\/en\\\/#\\\/schema\\\/logo\\\/image\\\/\",\"url\":\"https:\\\/\\\/unternberghof.com\\\/wp-content\\\/uploads\\\/2021\\\/06\\\/logo.svg\",\"contentUrl\":\"https:\\\/\\\/unternberghof.com\\\/wp-content\\\/uploads\\\/2021\\\/06\\\/logo.svg\",\"width\":394,\"height\":117,\"caption\":\"Unternberg Hof\"},\"image\":{\"@id\":\"https:\\\/\\\/unternberghof.com\\\/en\\\/#\\\/schema\\\/logo\\\/image\\\/\"}}]}<\/script>\n","yoast_head_json":{"title":"Unternberg Hof Special - 4 f\u00fcr 3 - Unternberg Hof","robots":{"index":"index","follow":"follow","max-snippet":"max-snippet:-1","max-image-preview":"max-image-preview:large","max-video-preview":"max-video-preview:-1"},"canonical":"https:\/\/unternberghof.com\/en\/specials\/unternberg-hof-special-43\/","og_locale":"en_US","og_type":"article","og_title":"Unternberg Hof Special - 4 f\u00fcr 3 - Unternberg Hof","og_description":"buchbar in der Nebensession","og_url":"https:\/\/unternberghof.com\/en\/specials\/unternberg-hof-special-43\/","og_site_name":"Unternberg Hof","article_modified_time":"2025-10-20T08:10:01+00:00","og_image":[{"width":1440,"height":1080,"url":"https:\/\/unternberghof.com\/intiba-content\/uploads\/2021\/10\/unternberghof-galeri-56.jpg","type":"image\/jpeg"}],"twitter_card":"summary_large_image","twitter_misc":{"Est. reading time":"1 minute"},"schema":{"@context":"https:\/\/schema.org","@graph":[{"@type":"WebPage","@id":"https:\/\/unternberghof.com\/en\/specials\/unternberg-hof-special-43\/","url":"https:\/\/unternberghof.com\/en\/specials\/unternberg-hof-special-43\/","name":"Unternberg Hof Special - 4 f\u00fcr 3 - Unternberg Hof","isPartOf":{"@id":"https:\/\/unternberghof.com\/en\/#website"},"primaryImageOfPage":{"@id":"https:\/\/unternberghof.com\/en\/specials\/unternberg-hof-special-43\/#primaryimage"},"image":{"@id":"https:\/\/unternberghof.com\/en\/specials\/unternberg-hof-special-43\/#primaryimage"},"thumbnailUrl":"https:\/\/unternberghof.com\/intiba-content\/uploads\/2021\/10\/unternberghof-galeri-56.jpg","datePublished":"2024-10-05T13:35:17+00:00","dateModified":"2025-10-20T08:10:01+00:00","breadcrumb":{"@id":"https:\/\/unternberghof.com\/en\/specials\/unternberg-hof-special-43\/#breadcrumb"},"inLanguage":"en-US","potentialAction":[{"@type":"ReadAction","target":["https:\/\/unternberghof.com\/en\/specials\/unternberg-hof-special-43\/"]}]},{"@type":"ImageObject","inLanguage":"en-US","@id":"https:\/\/unternberghof.com\/en\/specials\/unternberg-hof-special-43\/#primaryimage","url":"https:\/\/unternberghof.com\/intiba-content\/uploads\/2021\/10\/unternberghof-galeri-56.jpg","contentUrl":"https:\/\/unternberghof.com\/intiba-content\/uploads\/2021\/10\/unternberghof-galeri-56.jpg","width":1440,"height":1080},{"@type":"BreadcrumbList","@id":"https:\/\/unternberghof.com\/en\/specials\/unternberg-hof-special-43\/#breadcrumb","itemListElement":[{"@type":"ListItem","position":1,"name":"Special Offers","item":"https:\/\/unternberghof.com\/en\/specials\/"},{"@type":"ListItem","position":2,"name":"Unternberg Hof Special &#8211; 4 f\u00fcr 3"}]},{"@type":"WebSite","@id":"https:\/\/unternberghof.com\/en\/#website","url":"https:\/\/unternberghof.com\/en\/","name":"Unternberg Hof","description":"O&#039;Kema wia Dahoam","publisher":{"@id":"https:\/\/unternberghof.com\/en\/#organization"},"potentialAction":[{"@type":"SearchAction","target":{"@type":"EntryPoint","urlTemplate":"https:\/\/unternberghof.com\/en\/?s={search_term_string}"},"query-input":{"@type":"PropertyValueSpecification","valueRequired":true,"valueName":"search_term_string"}}],"inLanguage":"en-US"},{"@type":"Organization","@id":"https:\/\/unternberghof.com\/en\/#organization","name":"Unternberg Hof","url":"https:\/\/unternberghof.com\/en\/","logo":{"@type":"ImageObject","inLanguage":"en-US","@id":"https:\/\/unternberghof.com\/en\/#\/schema\/logo\/image\/","url":"https:\/\/unternberghof.com\/intiba-content\/uploads\/2021\/06\/logo.svg","contentUrl":"https:\/\/unternberghof.com\/intiba-content\/uploads\/2021\/06\/logo.svg","width":394,"height":117,"caption":"Unternberg Hof"},"image":{"@id":"https:\/\/unternberghof.com\/en\/#\/schema\/logo\/image\/"}}]}},"_links":{"self":[{"href":"https:\/\/unternberghof.com\/en\/wp-json\/wp\/v2\/pages\/1314","targetHints":{"allow":["GET"]}}],"collection":[{"href":"https:\/\/unternberghof.com\/en\/wp-json\/wp\/v2\/pages"}],"about":[{"href":"https:\/\/unternberghof.com\/en\/wp-json\/wp\/v2\/types\/page"}],"author":[{"embeddable":true,"href":"https:\/\/unternberghof.com\/en\/wp-json\/wp\/v2\/users\/1"}],"replies":[{"embeddable":true,"href":"https:\/\/unternberghof.com\/en\/wp-json\/wp\/v2\/comments?post=1314"}],"version-history":[{"count":28,"href":"https:\/\/unternberghof.com\/en\/wp-json\/wp\/v2\/pages\/1314\/revisions"}],"predecessor-version":[{"id":2843,"href":"https:\/\/unternberghof.com\/en\/wp-json\/wp\/v2\/pages\/1314\/revisions\/2843"}],"up":[{"embeddable":true,"href":"https:\/\/unternberghof.com\/en\/wp-json\/wp\/v2\/pages\/1309"}],"wp:featuredmedia":[{"embeddable":true,"href":"https:\/\/unternberghof.com\/en\/wp-json\/wp\/v2\/media\/763"}],"wp:attachment":[{"href":"https:\/\/unternberghof.com\/en\/wp-json\/wp\/v2\/media?parent=1314"}],"curies":[{"name":"wp","href":"https:\/\/api.w.org\/{rel}","templated":true}]}}