{"id":1312,"date":"2025-01-12T15:47:23","date_gmt":"2025-01-12T14:47:23","guid":{"rendered":"https:\/\/unternberghof.com\/aktionen\/silvester\/"},"modified":"2025-12-14T13:45:01","modified_gmt":"2025-12-14T12:45:01","slug":"silvester","status":"publish","type":"page","link":"https:\/\/unternberghof.com\/en\/specials\/silvester\/","title":{"rendered":"Silvester"},"content":{"rendered":"\n<p>(buchbar vom 25.12.2025 &#8211; 02.01.2026 und 25.12.2026 &#8211; 02.01.2027)<\/p>\n\n\n\n<p><strong>Entspannte Wintertage im Unternberg Hof<\/strong><\/p>\n\n\n\n<p>Genie\u00dfen Sie den Jahreswechsel in der idyllischen Bergwelt des Chiemgaus. <\/p>\n\n\n\n<ul class=\"wp-block-list\">\n<li><a>8 \u00dcbernachtungen im Einzelzimmer Relax, im Doppelzimmer Deluxe oder in der Alpine Suite buchen<\/a><\/li>\n\n\n\n<li><span style=\"color: initial; font-family: -apple-system, BlinkMacSystemFont, &quot;Segoe UI&quot;, Roboto, Oxygen-Sans, Ubuntu, Cantarell, &quot;Helvetica Neue&quot;, sans-serif;\">Regionales Fr\u00fchst\u00fccksb\u00fcffet<\/span><\/li>\n\n\n\n<li><span style=\"color: initial; font-family: -apple-system, BlinkMacSystemFont, &quot;Segoe UI&quot;, Roboto, Oxygen-Sans, Ubuntu, Cantarell, &quot;Helvetica Neue&quot;, sans-serif;\">Optional zubuchbar: 7x Halbpension in Form unseres 4-Gang-Verw\u00f6hnmen\u00fcs<\/span><\/li>\n\n\n\n<li>UNTERNBERG SPEZIAL MASSAGE -> <a>Faszienmassage<\/a> mit verschiedenen H\u00f6lzern und speziellem warmen \u00d6l-Mix (50 min.)<\/li>\n<\/ul>\n\n\n\n<p>Leistungen am Silvesterabend:<\/p>\n\n\n\n<ul class=\"wp-block-list\">\n<li>Aperitif-Empfang<ul><li>Gala Men\u00fc \/ Zwergenmen\u00fc f\u00fcr die Kids<\/li><\/ul><ul><li>Mitternachtscurrywurst<\/li><\/ul><ul><li>Livemusik<\/li><\/ul><ul><li>Hoteleigenes Feuerwerk (mit Weitblick)<\/li><\/ul>\n<ul class=\"wp-block-list\">\n<li>Neujahr erweitertes Fr\u00fchst\u00fcck<\/li>\n<\/ul>\n<\/li>\n<\/ul>\n\n\n\n<ul class=\"wp-block-list\">\n<li>Freies WLAN<\/li>\n\n\n\n<li><span style=\"color: initial; font-family: -apple-system, BlinkMacSystemFont, &quot;Segoe UI&quot;, Roboto, Oxygen-Sans, Ubuntu, Cantarell, &quot;Helvetica Neue&quot;, sans-serif;\">Kostenfreier Parkplatz<\/span><\/li>\n\n\n\n<li><span style=\"color: initial; font-family: -apple-system, BlinkMacSystemFont, &quot;Segoe UI&quot;, Roboto, Oxygen-Sans, Ubuntu, Cantarell, &quot;Helvetica Neue&quot;, sans-serif;\">Benutzung von Pool-, Sauna- und Wellnessbereich<\/span><\/li>\n\n\n\n<li><span style=\"color: initial; font-family: -apple-system, BlinkMacSystemFont, &quot;Segoe UI&quot;, Roboto, Oxygen-Sans, Ubuntu, Cantarell, &quot;Helvetica Neue&quot;, sans-serif;\">SPA-Tasche f\u00fcr Euren Aufenthalt<\/span><\/li>\n\n\n\n<li><span style=\"color: initial; font-family: -apple-system, BlinkMacSystemFont, &quot;Segoe UI&quot;, Roboto, Oxygen-Sans, Ubuntu, Cantarell, &quot;Helvetica Neue&quot;, sans-serif;\">Benutzung vom Ski- und Fahrradraum inklusive<\/span><\/li>\n\n\n\n<li>Chiemgaukarte f\u00fcr sch\u00f6ne Erlebnisse rund um Ruhpolding, Inzell und Bergen: <a href=\"http:\/\/www.ruhpolding.de\/chiemgaukarte\">www.ruhpolding.de\/chiemgaukarte<\/a><\/li>\n\n\n\n<li>Zzgl. Kurtaxe\u00a0\u00a0\u00a0\u00a0\u00a0\u00a0\u00a0\u00a0\u00a0\u00a0\u00a0\u00a0\u00a0\u00a0\u00a0\u00a0\u00a0\u00a0\u00a0\u00a0\u00a0\u00a0\u00a0\u00a0\u00a0\u00a0<\/li>\n<\/ul>\n\n\n\n<p><strong>ab 1.129,00 \u20ac pro Person<\/strong><\/p>\n","protected":false},"excerpt":{"rendered":"<p>buchbar vom 25.12.2025 &#8211; 02.01.2026 und 25.12.2026 &#8211; 02.01.2027<\/p>\n","protected":false},"author":1,"featured_media":975,"parent":1309,"menu_order":49,"comment_status":"closed","ping_status":"closed","template":"content.php","meta":{"footnotes":""},"class_list":["post-1312","page","type-page","status-publish","has-post-thumbnail","hentry"],"acf":[],"yoast_head":"\n<title>Silvester - Unternberg Hof<\/title>\n<meta name=\"robots\" content=\"index, follow, max-snippet:-1, max-image-preview:large, max-video-preview:-1\" \/>\n<link rel=\"canonical\" href=\"https:\/\/unternberghof.com\/en\/specials\/silvester\/\" \/>\n<meta property=\"og:locale\" content=\"en_US\" \/>\n<meta property=\"og:type\" content=\"article\" \/>\n<meta property=\"og:title\" content=\"Silvester - Unternberg Hof\" \/>\n<meta property=\"og:description\" content=\"buchbar vom 25.12.2025 - 02.01.2026 und 25.12.2026 - 02.01.2027\" \/>\n<meta property=\"og:url\" content=\"https:\/\/unternberghof.com\/en\/specials\/silvester\/\" \/>\n<meta property=\"og:site_name\" content=\"Unternberg Hof\" \/>\n<meta property=\"article:modified_time\" content=\"2025-12-14T12:45:01+00:00\" \/>\n<meta property=\"og:image\" content=\"https:\/\/unternberghof.com\/intiba-content\/uploads\/2021\/10\/pexels-grigoriy-9906415-scaled.jpg\" \/>\n\t<meta property=\"og:image:width\" content=\"2560\" \/>\n\t<meta property=\"og:image:height\" content=\"1706\" \/>\n\t<meta property=\"og:image:type\" content=\"image\/jpeg\" \/>\n<meta name=\"twitter:card\" content=\"summary_large_image\" \/>\n<meta name=\"twitter:label1\" content=\"Est. reading time\" \/>\n\t<meta name=\"twitter:data1\" content=\"1 minute\" \/>\n<script type=\"application\/ld+json\" class=\"yoast-schema-graph\">{\"@context\":\"https:\\\/\\\/schema.org\",\"@graph\":[{\"@type\":\"WebPage\",\"@id\":\"https:\\\/\\\/unternberghof.com\\\/en\\\/specials\\\/silvester\\\/\",\"url\":\"https:\\\/\\\/unternberghof.com\\\/en\\\/specials\\\/silvester\\\/\",\"name\":\"Silvester - Unternberg Hof\",\"isPartOf\":{\"@id\":\"https:\\\/\\\/unternberghof.com\\\/en\\\/#website\"},\"primaryImageOfPage\":{\"@id\":\"https:\\\/\\\/unternberghof.com\\\/en\\\/specials\\\/silvester\\\/#primaryimage\"},\"image\":{\"@id\":\"https:\\\/\\\/unternberghof.com\\\/en\\\/specials\\\/silvester\\\/#primaryimage\"},\"thumbnailUrl\":\"https:\\\/\\\/unternberghof.com\\\/wp-content\\\/uploads\\\/2021\\\/10\\\/pexels-grigoriy-9906415-scaled.jpg\",\"datePublished\":\"2025-01-12T14:47:23+00:00\",\"dateModified\":\"2025-12-14T12:45:01+00:00\",\"breadcrumb\":{\"@id\":\"https:\\\/\\\/unternberghof.com\\\/en\\\/specials\\\/silvester\\\/#breadcrumb\"},\"inLanguage\":\"en-US\",\"potentialAction\":[{\"@type\":\"ReadAction\",\"target\":[\"https:\\\/\\\/unternberghof.com\\\/en\\\/specials\\\/silvester\\\/\"]}]},{\"@type\":\"ImageObject\",\"inLanguage\":\"en-US\",\"@id\":\"https:\\\/\\\/unternberghof.com\\\/en\\\/specials\\\/silvester\\\/#primaryimage\",\"url\":\"https:\\\/\\\/unternberghof.com\\\/wp-content\\\/uploads\\\/2021\\\/10\\\/pexels-grigoriy-9906415-scaled.jpg\",\"contentUrl\":\"https:\\\/\\\/unternberghof.com\\\/wp-content\\\/uploads\\\/2021\\\/10\\\/pexels-grigoriy-9906415-scaled.jpg\",\"width\":2560,\"height\":1706},{\"@type\":\"BreadcrumbList\",\"@id\":\"https:\\\/\\\/unternberghof.com\\\/en\\\/specials\\\/silvester\\\/#breadcrumb\",\"itemListElement\":[{\"@type\":\"ListItem\",\"position\":1,\"name\":\"Special Offers\",\"item\":\"https:\\\/\\\/unternberghof.com\\\/en\\\/specials\\\/\"},{\"@type\":\"ListItem\",\"position\":2,\"name\":\"Silvester\"}]},{\"@type\":\"WebSite\",\"@id\":\"https:\\\/\\\/unternberghof.com\\\/en\\\/#website\",\"url\":\"https:\\\/\\\/unternberghof.com\\\/en\\\/\",\"name\":\"Unternberg Hof\",\"description\":\"O&#039;Kema wia Dahoam\",\"publisher\":{\"@id\":\"https:\\\/\\\/unternberghof.com\\\/en\\\/#organization\"},\"potentialAction\":[{\"@type\":\"SearchAction\",\"target\":{\"@type\":\"EntryPoint\",\"urlTemplate\":\"https:\\\/\\\/unternberghof.com\\\/en\\\/?s={search_term_string}\"},\"query-input\":{\"@type\":\"PropertyValueSpecification\",\"valueRequired\":true,\"valueName\":\"search_term_string\"}}],\"inLanguage\":\"en-US\"},{\"@type\":\"Organization\",\"@id\":\"https:\\\/\\\/unternberghof.com\\\/en\\\/#organization\",\"name\":\"Unternberg Hof\",\"url\":\"https:\\\/\\\/unternberghof.com\\\/en\\\/\",\"logo\":{\"@type\":\"ImageObject\",\"inLanguage\":\"en-US\",\"@id\":\"https:\\\/\\\/unternberghof.com\\\/en\\\/#\\\/schema\\\/logo\\\/image\\\/\",\"url\":\"https:\\\/\\\/unternberghof.com\\\/wp-content\\\/uploads\\\/2021\\\/06\\\/logo.svg\",\"contentUrl\":\"https:\\\/\\\/unternberghof.com\\\/wp-content\\\/uploads\\\/2021\\\/06\\\/logo.svg\",\"width\":394,\"height\":117,\"caption\":\"Unternberg Hof\"},\"image\":{\"@id\":\"https:\\\/\\\/unternberghof.com\\\/en\\\/#\\\/schema\\\/logo\\\/image\\\/\"}}]}<\/script>\n","yoast_head_json":{"title":"Silvester - Unternberg Hof","robots":{"index":"index","follow":"follow","max-snippet":"max-snippet:-1","max-image-preview":"max-image-preview:large","max-video-preview":"max-video-preview:-1"},"canonical":"https:\/\/unternberghof.com\/en\/specials\/silvester\/","og_locale":"en_US","og_type":"article","og_title":"Silvester - Unternberg Hof","og_description":"buchbar vom 25.12.2025 - 02.01.2026 und 25.12.2026 - 02.01.2027","og_url":"https:\/\/unternberghof.com\/en\/specials\/silvester\/","og_site_name":"Unternberg Hof","article_modified_time":"2025-12-14T12:45:01+00:00","og_image":[{"width":2560,"height":1706,"url":"https:\/\/unternberghof.com\/intiba-content\/uploads\/2021\/10\/pexels-grigoriy-9906415-scaled.jpg","type":"image\/jpeg"}],"twitter_card":"summary_large_image","twitter_misc":{"Est. reading time":"1 minute"},"schema":{"@context":"https:\/\/schema.org","@graph":[{"@type":"WebPage","@id":"https:\/\/unternberghof.com\/en\/specials\/silvester\/","url":"https:\/\/unternberghof.com\/en\/specials\/silvester\/","name":"Silvester - Unternberg Hof","isPartOf":{"@id":"https:\/\/unternberghof.com\/en\/#website"},"primaryImageOfPage":{"@id":"https:\/\/unternberghof.com\/en\/specials\/silvester\/#primaryimage"},"image":{"@id":"https:\/\/unternberghof.com\/en\/specials\/silvester\/#primaryimage"},"thumbnailUrl":"https:\/\/unternberghof.com\/intiba-content\/uploads\/2021\/10\/pexels-grigoriy-9906415-scaled.jpg","datePublished":"2025-01-12T14:47:23+00:00","dateModified":"2025-12-14T12:45:01+00:00","breadcrumb":{"@id":"https:\/\/unternberghof.com\/en\/specials\/silvester\/#breadcrumb"},"inLanguage":"en-US","potentialAction":[{"@type":"ReadAction","target":["https:\/\/unternberghof.com\/en\/specials\/silvester\/"]}]},{"@type":"ImageObject","inLanguage":"en-US","@id":"https:\/\/unternberghof.com\/en\/specials\/silvester\/#primaryimage","url":"https:\/\/unternberghof.com\/intiba-content\/uploads\/2021\/10\/pexels-grigoriy-9906415-scaled.jpg","contentUrl":"https:\/\/unternberghof.com\/intiba-content\/uploads\/2021\/10\/pexels-grigoriy-9906415-scaled.jpg","width":2560,"height":1706},{"@type":"BreadcrumbList","@id":"https:\/\/unternberghof.com\/en\/specials\/silvester\/#breadcrumb","itemListElement":[{"@type":"ListItem","position":1,"name":"Special Offers","item":"https:\/\/unternberghof.com\/en\/specials\/"},{"@type":"ListItem","position":2,"name":"Silvester"}]},{"@type":"WebSite","@id":"https:\/\/unternberghof.com\/en\/#website","url":"https:\/\/unternberghof.com\/en\/","name":"Unternberg Hof","description":"O&#039;Kema wia Dahoam","publisher":{"@id":"https:\/\/unternberghof.com\/en\/#organization"},"potentialAction":[{"@type":"SearchAction","target":{"@type":"EntryPoint","urlTemplate":"https:\/\/unternberghof.com\/en\/?s={search_term_string}"},"query-input":{"@type":"PropertyValueSpecification","valueRequired":true,"valueName":"search_term_string"}}],"inLanguage":"en-US"},{"@type":"Organization","@id":"https:\/\/unternberghof.com\/en\/#organization","name":"Unternberg Hof","url":"https:\/\/unternberghof.com\/en\/","logo":{"@type":"ImageObject","inLanguage":"en-US","@id":"https:\/\/unternberghof.com\/en\/#\/schema\/logo\/image\/","url":"https:\/\/unternberghof.com\/intiba-content\/uploads\/2021\/06\/logo.svg","contentUrl":"https:\/\/unternberghof.com\/intiba-content\/uploads\/2021\/06\/logo.svg","width":394,"height":117,"caption":"Unternberg Hof"},"image":{"@id":"https:\/\/unternberghof.com\/en\/#\/schema\/logo\/image\/"}}]}},"_links":{"self":[{"href":"https:\/\/unternberghof.com\/en\/wp-json\/wp\/v2\/pages\/1312","targetHints":{"allow":["GET"]}}],"collection":[{"href":"https:\/\/unternberghof.com\/en\/wp-json\/wp\/v2\/pages"}],"about":[{"href":"https:\/\/unternberghof.com\/en\/wp-json\/wp\/v2\/types\/page"}],"author":[{"embeddable":true,"href":"https:\/\/unternberghof.com\/en\/wp-json\/wp\/v2\/users\/1"}],"replies":[{"embeddable":true,"href":"https:\/\/unternberghof.com\/en\/wp-json\/wp\/v2\/comments?post=1312"}],"version-history":[{"count":24,"href":"https:\/\/unternberghof.com\/en\/wp-json\/wp\/v2\/pages\/1312\/revisions"}],"predecessor-version":[{"id":3013,"href":"https:\/\/unternberghof.com\/en\/wp-json\/wp\/v2\/pages\/1312\/revisions\/3013"}],"up":[{"embeddable":true,"href":"https:\/\/unternberghof.com\/en\/wp-json\/wp\/v2\/pages\/1309"}],"wp:featuredmedia":[{"embeddable":true,"href":"https:\/\/unternberghof.com\/en\/wp-json\/wp\/v2\/media\/975"}],"wp:attachment":[{"href":"https:\/\/unternberghof.com\/en\/wp-json\/wp\/v2\/media?parent=1312"}],"curies":[{"name":"wp","href":"https:\/\/api.w.org\/{rel}","templated":true}]}}